{"id":356,"date":"2022-05-01T12:57:21","date_gmt":"2022-05-01T12:57:21","guid":{"rendered":"http:\/\/demo1.wprentals.org\/?page_id=356"},"modified":"2022-06-12T15:43:24","modified_gmt":"2022-06-12T15:43:24","slug":"terms-and-conditions","status":"publish","type":"page","link":"https:\/\/site.apartboat.pl\/index.php\/terms-and-conditions\/","title":{"rendered":"Polityka prywatno\u015bci i ochrony danych osobowych"},"content":{"rendered":"<p><strong>Niniejszy dokument okre\u015bla polityk\u0119 prywatno\u015bci oraz plik\u00f3w cookies.<\/strong><\/p>\n<p><strong>I. Administrator Twoich danych osobowych<\/strong><\/p>\n<p>Administratorem Twoich danych osobowych jest ApartBoat Kalinowski Pantu\u0142a Ciepli\u0144ski Sp\u00f3\u0142ka Jawna z siedzib\u0105 w Warszawie (01-625), ul. Adama Mickiewicza 37\/58 (dalej: Administrator), kt\u00f3ra przetwarza dane osobowe os\u00f3b b\u0119d\u0105cych cz\u0142onkami za\u0142ogi okre\u015blonymi w za\u0142\u0105czniku 4 do umowy najmu zgodnie z Rozporz\u0105dzeniem Parlamentu Europejskiego i Rady (UE) 2016\/679 z dnia 27 kwietnia 2016 r. w sprawie ochrony os\u00f3b fizycznych w zwi\u0105zku z przetwarzaniem danych osobowych i w sprawie swobodnego przep\u0142ywu takich danych oraz uchylenia dyrektywy 95\/46\/WE (og\u00f3lne rozporz\u0105dzenie o ochronie danych) (dalej: RODO), oraz zgodnie z niniejsz\u0105 Polityk\u0105 Prywatno\u015bci (dalej r\u00f3wnie\u017c: Polityka).<\/p>\n<p>W kwestiach Polityki i danych osobowych z Administratorem mo\u017cna kontaktowa\u0107 si\u0119 na wy\u017cej podany adres jak r\u00f3wnie\u017c za po\u015brednictwem poczty e-mail: kontak@apartboat.pl<\/p>\n<p><strong>II. Informacje o przetwarzaniu Twoich danych osobowych przez Administratora<\/strong><\/p>\n<p>Administrator przetwarza dane osobowe U\u017cytkownik\u00f3w w nast\u0119puj\u0105cy spos\u00f3b:<\/p>\n<p>a) Weryfikacja to\u017csamo\u015bci u\u017cytkownik\u00f3w jednostki p\u0142ywaj\u0105cej<\/p>\n<p>W celu ochrony przed dost\u0119pem os\u00f3b postronnych do jednostki p\u0142ywaj\u0105cej, Administrator b\u0119dzie przetwarza\u0142 Twoje dane osobowe podane przez Ciebie na li\u015bcie cz\u0142onk\u00f3w za\u0142ogi. Podstaw\u0105 prawn\u0105 przetwarzania przez Administratora danych osobowych jest niezb\u0119dno\u015b\u0107 weryfikacji to\u017csamo\u015bci w zwi\u0105zku z wyra\u017con\u0105 przez Ciebie ch\u0119ci\u0105 przebywania na pok\u0142adzie jednostki p\u0142ywaj\u0105cej (art. 6 ust. 1 lit. b) RODO).<\/p>\n<p>b) Realizacja wynajmu i obs\u0142uga zapyta\u0144 do wynajmu<\/p>\n<p>W celu realizacji wynajmu i obs\u0142ugi ewentualnych zapyta\u0144 do wynajmu, Administrator b\u0119dzie przetwarza\u0142 Twoje dane osobowe podane przez Ciebie w zam\u00f3wieniu. Podstaw\u0105 prawn\u0105 przetwarzania danych jest niezb\u0119dno\u015b\u0107 do realizacji wynajmu jednostki p\u0142ywaj\u0105cej i obs\u0142ugi za\u0142ogi (art. 6 ust. 1 lit. b) RODO).<\/p>\n<p>c) Wykonanie obowi\u0105zk\u00f3w prawnych<\/p>\n<p>W celu wywi\u0105zania si\u0119 z obowi\u0105zk\u00f3w na\u0142o\u017conych na Administratora przepisami prawa, w szczeg\u00f3lno\u015bci podatkowego, Administrator b\u0119dzie przetwarza\u0142 Twoje dane z zam\u00f3wienia. Podstaw\u0105 prawn\u0105 przetwarzania danych jest uzasadniony interes Administratora oraz ci\u0105\u017c\u0105cy na Administratorze obowi\u0105zek prawny (art. 6 ust. 1 lit. c) i lit. f) RODO).<\/p>\n<p>d) Obrona przed roszczeniami<\/p>\n<p>W celu ustalenia, dochodzenia lub w celu obrony przed roszczeniami, Administrator b\u0119dzie przetwarza\u0107 Twoje dane z zam\u00f3wienia. Podstaw\u0105 prawn\u0105 przetwarzania danych jest prawnie uzasadniony interes Administratora, polegaj\u0105cy na mo\u017cliwo\u015bci ustalania i dochodzenia roszcze\u0144 lub obrony przed takimi roszczeniami (art. 6 ust. 1 lit. f) RODO).<\/p>\n<p>e) Badanie satysfakcji Klient\u00f3w<\/p>\n<p>W celu zbadania satysfakcji naszych Klient\u00f3w, mo\u017cemy przetwarza\u0107 Twoje dane z zam\u00f3wienia w celu przeprowadzenia ankiety, w ramach kt\u00f3rej zbadamy poziom \u015bwiadczonych przez nas us\u0142ug. Podstaw\u0105 prawn\u0105 przetwarzania danych jest prawnie uzasadniony interes Administratora, polegaj\u0105cy na uzyskaniu stosownych informacji w celu polepszenia jako\u015bci us\u0142ug \u015bwiadczonych przez Administratora (art. 6 ust. 1 lit. f) RODO).<\/p>\n<p><strong>III. Informacje o udost\u0119pnianiu i powierzaniu Twoich danych osobowych przez Administratora<\/strong><\/p>\n<p>Odbiorcami danych osobowych mog\u0105 by\u0107 podmioty upowa\u017cnione do odbioru danych na podstawie powszechnie obowi\u0105zuj\u0105cych przepis\u00f3w prawa.<\/p>\n<p><strong>IV. Informacje o okresie przechowywania danych osobowych przez Administratora<\/strong><\/p>\n<p>Administrator przechowuje Twoje dane przez okres nie d\u0142u\u017cszy ni\u017c jest to niezb\u0119dne dla osi\u0105gni\u0119cia cel\u00f3w przetwarzania, chyba \u017ce zgodnie z prawem jest wymagane lub dozwolone przechowywanie danych przez d\u0142u\u017cszy okres czasu. W szczeg\u00f3lno\u015bci Administrator b\u0119dzie przechowywa\u0142 Twoje dane:<\/p>\n<p>a) dla cel\u00f3w realizacji najmu jednostki p\u0142ywaj\u0105cej &#8211; przez okres obowi\u0105zywania umowy najmu, przy czym okres ten mo\u017ce ulec przed\u0142u\u017ceniu o okres przedawnienia roszcze\u0144 Twoich lub Administratora okre\u015blony w przepisach prawa, je\u015bli przetwarzanie tych danych b\u0119dzie niezb\u0119dne w celu ustalenia lub dochodzenia roszcze\u0144, a tak\u017ce w celu obrony przed takimi roszczeniami;<\/p>\n<p>b) dla realizacji prawnie uzasadnionego interesu Administratora w postaci badania satysfakcji Klient\u00f3w &#8211; przez okres istnienia prawnie uzasadnionego interesu, nie d\u0142u\u017cej jednak ni\u017c 18 miesi\u0119cy lub do czasu zg\u0142oszenia skutecznego sprzeciwu wzgl\u0119dem przetwarzania danych;<\/p>\n<p>c) dla realizacji prawnie uzasadnionych interes\u00f3w Administratora, tj. na cele analityczne i statystyczne w celu polepszenia jako\u015bci us\u0142ug \u015bwiadczonych przez Administratora \u2013 przez okres istnienia prawnie uzasadnionego interesu Administratora, jednak\u017ce nie d\u0142u\u017cej ni\u017c 18 miesi\u0119cy lub do czasu zg\u0142oszenia skutecznego sprzeciwu wzgl\u0119dem przetwarzania danych;<\/p>\n<p>d) dla cel\u00f3w wywi\u0105zania si\u0119 przez Administratora z obowi\u0105zk\u00f3w wynikaj\u0105cych z przepis\u00f3w prawa oraz jego prawnie uzasadnionych interes\u00f3w przez okres wynikaj\u0105cy z takich przepis\u00f3w, w szczeg\u00f3lno\u015bci prawa podatkowego, to jest przez 5 lat licz\u0105c od ko\u0144ca roku kalendarzowego, w kt\u00f3rym up\u0142yn\u0105\u0142 termin p\u0142atno\u015bci podatku zwi\u0105zanego z zam\u00f3wieniem;<\/p>\n<p>e) dla realizacji prawnie uzasadnionych interes\u00f3w Administratora, tj. odpowiedzi na reklamacj\u0119, ustalenia i dochodzenia roszcze\u0144 lub obrony przed roszczeniami \u2013 przez okres przedawnienia roszcze\u0144 Twoich lub Administratora;<\/p>\n<p><strong>V. Twoje uprawnienia dotycz\u0105ce danych osobowych<\/strong><\/p>\n<p>Wszelkie uprawnienia wynikaj\u0105ce z niniejszej Polityki mo\u017cesz wykona\u0107 kontaktuj\u0105c si\u0119 z Administratorem w spos\u00f3b wskazany w pkt.I. Przys\u0142uguje Ci prawo do cofni\u0119cia zgody na przetwarzanie przez Administratora Twoich danych osobowych w celach analityczne i statystyczne w celu polepszenia jako\u015bci us\u0142ug \u015bwiadczonych przez Administratora, przy czym cofni\u0119cie zgody pozostaje bez wp\u0142ywu na zgodno\u015b\u0107 z prawem przetwarzania, kt\u00f3rego dokonano na podstawie zgody przed jej cofni\u0119ciem. W wypadku cofni\u0119cia zgody Administrator i Dominium S.A. zaprzestan\u0105 przetwarzania Twoich danych w tym celu. Przys\u0142uguje Ci prawo sprzeciwu wobec przetwarzania przez Administratora Twoich danych osobowych. W przypadku wniesienia sprzeciwu wobec przetwarzania danych osobowych, Administrator zaprzestanie ich przetwarzania, chyba \u017ce w stosunku do tych danych istniej\u0105 dla Administratora wa\u017cne, prawnie uzasadnione podstawy, kt\u00f3re s\u0105 nadrz\u0119dne wobec interes\u00f3w, praw i wolno\u015bci osoby, kt\u00f3rej dane dotycz\u0105 lub dane te b\u0119d\u0105 niezb\u0119dne Administratorowi do ewentualnego ustalenia, dochodzenia lub obrony przed roszczeniami, zgodnie ze wskazaniami z pkt. IV Polityki. Przys\u0142uguje Ci prawo do dost\u0119pu do swoich danych osobowych a tak\u017ce do uzyskania ich kopii. W przypadkach okre\u015blonych w RODO przys\u0142uguje Ci r\u00f3wnie\u017c prawo do poprawiania danych oraz \u017c\u0105dania ich usuni\u0119cia, przeniesienia a tak\u017ce prawo do \u017c\u0105dania ograniczenia przetwarzania danych. Przys\u0142uguje Ci prawo do tego, by nie podlega\u0107 decyzji, kt\u00f3ra opiera si\u0119 wy\u0142\u0105cznie na zautomatyzowanym przetwarzaniu, w tym profilowaniu. Je\u017celi uznasz, \u017ce Twoje dane osobowe s\u0105 przetwarzane niezgodnie z wymogami prawa, masz prawo wnie\u015b\u0107 skarg\u0119 do organu nadzorczego, to jest Prezesa Urz\u0119du Ochrony Danych Osobowych.<\/p>\n<p><strong>VI. Wym\u00f3g podania danych osobowych<\/strong><\/p>\n<p>Podanie danych osobowych jest dobrowolne, jednak\u017ce konieczne do wpisania na list\u0119 cz\u0142onk\u00f3w za\u0142ogi, a tak\u017ce do rozpatrzenia reklamacji oraz udzielenia odpowiedzi na sugesti\u0119 i zapytania.<\/p>\n<p><span class=\"VIiyi\" lang=\"pl\"><span class=\"JLqJ4b ChMk0b\" data-language-for-alternatives=\"pl\" data-language-to-translate-into=\"en\" data-phrase-index=\"0\" data-number-of-phrases=\"1\"><span class=\"Q4iAWc\"><b>VII. Twoja akceptacja tych warunk\u00f3w<br \/>\n<\/b><\/span><\/span><\/span><\/p>\n<p><span class=\"VIiyi\" lang=\"pl\"><span class=\"JLqJ4b ChMk0b\" data-language-for-alternatives=\"pl\" data-language-to-translate-into=\"en\" data-phrase-index=\"0\" data-number-of-phrases=\"3\"><span class=\"Q4iAWc\">Korzystaj\u0105c z tej Witryny, wyra\u017casz zgod\u0119 na t\u0119 polityk\u0119.<\/span><\/span> <span class=\"JLqJ4b ChMk0b\" data-language-for-alternatives=\"pl\" data-language-to-translate-into=\"en\" data-phrase-index=\"1\" data-number-of-phrases=\"3\"><span class=\"Q4iAWc\">Je\u015bli nie zgadzasz si\u0119 z t\u0105 polityk\u0105, nie korzystaj z naszej Witryny.<\/span><\/span> <span class=\"JLqJ4b ChMk0b\" data-language-for-alternatives=\"pl\" data-language-to-translate-into=\"en\" data-phrase-index=\"2\" data-number-of-phrases=\"3\"><span class=\"Q4iAWc\">Dalsze korzystanie z Witryny po opublikowaniu zmian w niniejszych zasadach b\u0119dzie uwa\u017cane za akceptacj\u0119 tych zmian.<\/span><\/span><\/span><\/p>\n<p><b>VIII. Pliki cookies<\/b><\/p>\n<p><span class=\"VIiyi\" lang=\"pl\"><span class=\"JLqJ4b ChMk0b\" data-language-for-alternatives=\"pl\" data-language-to-translate-into=\"en\" data-phrase-index=\"0\" data-number-of-phrases=\"4\"><span class=\"Q4iAWc\">Nasza Witryna mo\u017ce u\u017cywa\u0107 plik\u00f3w \u201ecookies\u201d, aby poprawi\u0107 wra\u017cenia u\u017cytkownika.<\/span><\/span> <span class=\"JLqJ4b ChMk0b\" data-language-for-alternatives=\"pl\" data-language-to-translate-into=\"en\" data-phrase-index=\"1\" data-number-of-phrases=\"4\"><span class=\"Q4iAWc\">Przegl\u0105darka internetowa u\u017cytkownika umieszcza pliki cookie na dysku twardym w celu prowadzenia ewidencji, a czasami \u015bledzenia informacji o nich.<\/span><\/span> <span class=\"JLqJ4b ChMk0b\" data-language-for-alternatives=\"pl\" data-language-to-translate-into=\"en\" data-phrase-index=\"2\" data-number-of-phrases=\"4\"><span class=\"Q4iAWc\">U\u017cytkownik mo\u017ce ustawi\u0107 swoj\u0105 przegl\u0105dark\u0119 internetow\u0105 tak, aby odrzuca\u0142a pliki cookie lub ostrzega\u0142a, gdy pliki cookie s\u0105 wysy\u0142ane.<\/span><\/span> <span class=\"JLqJ4b ChMk0b\" data-language-for-alternatives=\"pl\" data-language-to-translate-into=\"en\" data-phrase-index=\"3\" data-number-of-phrases=\"4\"><span class=\"Q4iAWc\">W takim przypadku nale\u017cy pami\u0119ta\u0107, \u017ce niekt\u00f3re cz\u0119\u015bci Witryny mog\u0105 nie dzia\u0142a\u0107 prawid\u0142owo.<\/span><\/span><\/span><\/p>\n","protected":false},"excerpt":{"rendered":"<p>Niniejszy dokument okre\u015bla polityk\u0119 prywatno\u015bci oraz plik\u00f3w cookies. I. Administrator Twoich danych osobowych Administratorem Twoich danych osobowych jest ApartBoat Kalinowski Pantu\u0142a Ciepli\u0144ski Sp\u00f3\u0142ka Jawna z siedzib\u0105 w Warszawie (01-625), ul. Adama Mickiewicza 37\/58 (dalej: Administrator), kt\u00f3ra przetwarza dane osobowe os\u00f3b b\u0119d\u0105cych cz\u0142onkami za\u0142ogi okre\u015blonymi w za\u0142\u0105czniku 4 do umowy najmu zgodnie z Rozporz\u0105dzeniem Parlamentu Europejskiego &#8230;<\/p>\n","protected":false},"author":1,"featured_media":0,"parent":0,"menu_order":0,"comment_status":"closed","ping_status":"closed","template":"terms_conditions.php","meta":[],"_links":{"self":[{"href":"https:\/\/site.apartboat.pl\/index.php\/wp-json\/wp\/v2\/pages\/356"}],"collection":[{"href":"https:\/\/site.apartboat.pl\/index.php\/wp-json\/wp\/v2\/pages"}],"about":[{"href":"https:\/\/site.apartboat.pl\/index.php\/wp-json\/wp\/v2\/types\/page"}],"author":[{"embeddable":true,"href":"https:\/\/site.apartboat.pl\/index.php\/wp-json\/wp\/v2\/users\/1"}],"replies":[{"embeddable":true,"href":"https:\/\/site.apartboat.pl\/index.php\/wp-json\/wp\/v2\/comments?post=356"}],"version-history":[{"count":3,"href":"https:\/\/site.apartboat.pl\/index.php\/wp-json\/wp\/v2\/pages\/356\/revisions"}],"predecessor-version":[{"id":2468,"href":"https:\/\/site.apartboat.pl\/index.php\/wp-json\/wp\/v2\/pages\/356\/revisions\/2468"}],"wp:attachment":[{"href":"https:\/\/site.apartboat.pl\/index.php\/wp-json\/wp\/v2\/media?parent=356"}],"curies":[{"name":"wp","href":"https:\/\/api.w.org\/{rel}","templated":true}]}}