{"id":2515,"date":"2022-07-05T19:14:33","date_gmt":"2022-07-05T19:14:33","guid":{"rendered":"https:\/\/test.apartboat.pl\/?page_id=2515"},"modified":"2025-04-11T14:25:18","modified_gmt":"2025-04-11T14:25:18","slug":"cennik-2022","status":"publish","type":"page","link":"https:\/\/site.apartboat.pl\/index.php\/cennik-2022\/","title":{"rendered":"Cennik"},"content":{"rendered":"\n<ul><li>Podstawowe okresy najmu Jednostki to okresy 7 dniowe (niedziela, odbi\u00f3r godz. 16.00 \u2013 niedziela, zdanie godz. 10.00).<br><\/li><li>Istnieje mo\u017cliwo\u015b\u0107 najmu w d\u0142u\u017cszych lub kr\u00f3tszych okresach najmu, przy czym w przypadku okresu najmu do 4 dni (cztery doby rozliczeniowe) <strong>doliczana jest dodatkowa op\u0142ata w wysoko\u015bci 30% ceny podstawowej<\/strong>.<br><\/li><li>W okresie czerwiec \u2013 sierpie\u0144  r. cena podstawowa wynosi <strong>800 PLN brutto<\/strong> (osiemset z\u0142otych 00\/100) za dob\u0119 rozliczeniow\u0105.<br><\/li><li>W okresie kwiecie\u0144-maj oraz wrzesie\u0144 \u2013 pa\u017adziernik  r. od ceny podstawowej b\u0119d\u0105 stosowane <strong>upusty w wielko\u015bci 10% \u2013 30%<\/strong>, w zale\u017cno\u015bci od wybranego terminu i okresu najmu (indywidualne uzgodnienia).<br><\/li><li>Przed wydaniem Jednostki pobierana jest <strong>kaucja w wysoko\u015bci 1000 PLN<\/strong>, zwracana po podpisaniu przez Wynajmuj\u0105cego oraz Najemc\u0119 protoko\u0142u zdawczo-odbiorczego w dniu zwrotu Jednostki.<br><\/li><li>Do op\u0142aty za najem doliczana jest jednorazowa <strong>op\u0142ata za sprz\u0105tanie standardowe w kwocie 200 PLN brutto<\/strong> (dwie\u015bcie z\u0142otych 00\/100). W przypadku, gdy wymagane jest ponadstandardowe sprz\u0105tanie, naliczana jest <strong>op\u0142ata dodatkowa<\/strong>, kt\u00f3ra potr\u0105cana jest z kaucji.<br><\/li><li>W ramach przygotowanej do u\u017cytkowania zgodnie z jej przeznaczeniem Jednostki, cena uwzgl\u0119dnia:<ul><li>\u00a0pe\u0142ny bak paliwa,<\/li><\/ul><ul><li>dwie butle z gazem (kuchenka gazowa oraz grill gazowy),<\/li><\/ul><ul><li>\u00a0podstawowe \u015brodki czysto\u015bci w ilo\u015bci adekwatnej do okresu najmu oraz liczby cz\u0142onk\u00f3w za\u0142ogi.<\/li><\/ul><\/li><\/ul>\n","protected":false},"excerpt":{"rendered":"<p>Podstawowe okresy najmu Jednostki to okresy 7 dniowe (niedziela, odbi\u00f3r godz. 16.00 \u2013 niedziela, zdanie godz. 10.00). Istnieje mo\u017cliwo\u015b\u0107 najmu w d\u0142u\u017cszych lub kr\u00f3tszych okresach najmu, przy czym w przypadku okresu najmu do 4 dni (cztery doby rozliczeniowe) doliczana jest dodatkowa op\u0142ata w wysoko\u015bci 30% ceny podstawowej. W okresie czerwiec \u2013 sierpie\u0144 r. cena podstawowa &#8230;<\/p>\n","protected":false},"author":1,"featured_media":0,"parent":0,"menu_order":0,"comment_status":"closed","ping_status":"closed","template":"","meta":[],"_links":{"self":[{"href":"https:\/\/site.apartboat.pl\/index.php\/wp-json\/wp\/v2\/pages\/2515"}],"collection":[{"href":"https:\/\/site.apartboat.pl\/index.php\/wp-json\/wp\/v2\/pages"}],"about":[{"href":"https:\/\/site.apartboat.pl\/index.php\/wp-json\/wp\/v2\/types\/page"}],"author":[{"embeddable":true,"href":"https:\/\/site.apartboat.pl\/index.php\/wp-json\/wp\/v2\/users\/1"}],"replies":[{"embeddable":true,"href":"https:\/\/site.apartboat.pl\/index.php\/wp-json\/wp\/v2\/comments?post=2515"}],"version-history":[{"count":5,"href":"https:\/\/site.apartboat.pl\/index.php\/wp-json\/wp\/v2\/pages\/2515\/revisions"}],"predecessor-version":[{"id":2624,"href":"https:\/\/site.apartboat.pl\/index.php\/wp-json\/wp\/v2\/pages\/2515\/revisions\/2624"}],"wp:attachment":[{"href":"https:\/\/site.apartboat.pl\/index.php\/wp-json\/wp\/v2\/media?parent=2515"}],"curies":[{"name":"wp","href":"https:\/\/api.w.org\/{rel}","templated":true}]}}